{"id":3,"date":"2022-05-09T16:04:46","date_gmt":"2022-05-09T14:04:46","guid":{"rendered":"https:\/\/rywanblog.dev.ajans.fr\/?page_id=3"},"modified":"2022-07-06T15:52:21","modified_gmt":"2022-07-06T13:52:21","slug":"politique-de-confidentialite-rywan-blog","status":"publish","type":"page","link":"https:\/\/rywan.com\/blog\/politique-de-confidentialite-rywan-blog\/","title":{"rendered":"Politique de confidentialit\u00e9"},"content":{"rendered":"\n<h2 class=\"wp-block-heading\">Qui sommes-nous&nbsp;?<\/h2>\n\n\n\n<p>L\u2019adresse de notre site est\u00a0: https:\/rywan.com\/blog.<\/p>\n\n\n\n<p>Les informations demand\u00e9es sont n\u00e9cessaires au traitement de la Commande. <\/p>\n\n\n\n<p>Vous devez adresser toute demande \u00e9crite soit\u00a0:<br>\u2022 par formulaire sur la page \u00ab\u00a0Contact\u00a0\u00bb de ce site avec la possibilit\u00e9 de d\u00e9sabonnement<br>\u2022 par courrier \u00e0 RYWAN &#8211; Service Relation Client \u2013 26, Rue Alexandre Volta \u2013 ZI Nord \u2013 77334 MEAUX Cedex- France.<\/p>\n\n\n\n<p>RYWAN se r\u00e9serve le droit de collecter des donn\u00e9es par l&rsquo;utilisation de cookies sur le site Internet. Vous \u00eates inform\u00e9 que ce traitement automatis\u00e9 d&rsquo;informations, notamment la gestion des adresses e-mail des\u00a0Acheteurs, a fait l&rsquo;objet d&rsquo;une d\u00e9claration \u00e0 la CNIL sous le N\u00b0 2122560 v0 du 22\/11\/2017<\/p>\n\n\n\n<h2 class=\"wp-block-heading\">Les droits que vous avez sur vos donn\u00e9es<\/h2>\n\n\n\n<p>Dans l&rsquo;hypoth\u00e8se o\u00f9 vous consentez \u00e0 communiquer des donn\u00e9es individuelles \u00e0 caract\u00e8re personnel, vous disposez d&rsquo;un droit individuel d&rsquo;acc\u00e8s, de retrait et de rectification de ces donn\u00e9es dans les conditions pr\u00e9vues par la loi n\u00b0 78-17 du 6 janvier 1978 relative \u00e0 l&rsquo;informatique, aux fichiers et aux libert\u00e9s.<\/p>\n","protected":false},"excerpt":{"rendered":"<p>Qui sommes-nous&nbsp;? L\u2019adresse de notre site est\u00a0: https:\/rywan.com\/blog. Les informations demand\u00e9es sont n\u00e9cessaires au traitement de la Commande. Vous devez adresser toute demande \u00e9crite soit\u00a0:\u2022 par formulaire sur la page \u00ab\u00a0Contact\u00a0\u00bb de ce site avec la possibilit\u00e9 de d\u00e9sabonnement\u2022 par courrier \u00e0 RYWAN &#8211; Service Relation Client \u2013 26, Rue Alexandre Volta \u2013 ZI Nord [&hellip;]<\/p>\n","protected":false},"author":2,"featured_media":0,"parent":0,"menu_order":0,"comment_status":"closed","ping_status":"open","template":"blank","meta":{"footnotes":""},"yoast_head":"<!-- This site is optimized with the Yoast SEO plugin v20.4 - https:\/\/yoast.com\/wordpress\/plugins\/seo\/ -->\n<title>Politique de confidentialit\u00e9 Rywan blog<\/title>\n<meta name=\"robots\" content=\"index, follow, max-snippet:-1, max-image-preview:large, max-video-preview:-1\" \/>\n<link rel=\"canonical\" href=\"https:\/\/rywan.com\/blog\/politique-de-confidentialite-rywan-blog\/\" \/>\n<meta property=\"og:locale\" content=\"fr_FR\" \/>\n<meta property=\"og:type\" content=\"article\" \/>\n<meta property=\"og:title\" content=\"Politique de confidentialit\u00e9 Rywan blog\" \/>\n<meta property=\"og:description\" content=\"Qui sommes-nous&nbsp;? L\u2019adresse de notre site est\u00a0: https:\/rywan.com\/blog. Les informations demand\u00e9es sont n\u00e9cessaires au traitement de la Commande. Vous devez adresser toute demande \u00e9crite soit\u00a0:\u2022 par formulaire sur la page \u00ab\u00a0Contact\u00a0\u00bb de ce site avec la possibilit\u00e9 de d\u00e9sabonnement\u2022 par courrier \u00e0 RYWAN &#8211; Service Relation Client \u2013 26, Rue Alexandre Volta \u2013 ZI Nord [&hellip;]\" \/>\n<meta property=\"og:url\" content=\"https:\/\/rywan.com\/blog\/politique-de-confidentialite-rywan-blog\/\" \/>\n<meta property=\"og:site_name\" content=\"RYWANBLOG\" \/>\n<meta property=\"article:modified_time\" content=\"2022-07-06T13:52:21+00:00\" \/>\n<meta name=\"twitter:card\" content=\"summary_large_image\" \/>\n<script type=\"application\/ld+json\" class=\"yoast-schema-graph\">{\"@context\":\"https:\/\/schema.org\",\"@graph\":[{\"@type\":\"WebPage\",\"@id\":\"https:\/\/rywan.com\/blog\/politique-de-confidentialite-rywan-blog\/\",\"url\":\"https:\/\/rywan.com\/blog\/politique-de-confidentialite-rywan-blog\/\",\"name\":\"Politique de confidentialit\u00e9 Rywan blog\",\"isPartOf\":{\"@id\":\"https:\/\/rywan.com\/blog\/#website\"},\"datePublished\":\"2022-05-09T14:04:46+00:00\",\"dateModified\":\"2022-07-06T13:52:21+00:00\",\"breadcrumb\":{\"@id\":\"https:\/\/rywan.com\/blog\/politique-de-confidentialite-rywan-blog\/#breadcrumb\"},\"inLanguage\":\"fr-FR\",\"potentialAction\":[{\"@type\":\"ReadAction\",\"target\":[\"https:\/\/rywan.com\/blog\/politique-de-confidentialite-rywan-blog\/\"]}]},{\"@type\":\"BreadcrumbList\",\"@id\":\"https:\/\/rywan.com\/blog\/politique-de-confidentialite-rywan-blog\/#breadcrumb\",\"itemListElement\":[{\"@type\":\"ListItem\",\"position\":1,\"name\":\"Accueil\",\"item\":\"https:\/\/rywan.com\/blog\/\"},{\"@type\":\"ListItem\",\"position\":2,\"name\":\"Politique de confidentialit\u00e9\"}]},{\"@type\":\"WebSite\",\"@id\":\"https:\/\/rywan.com\/blog\/#website\",\"url\":\"https:\/\/rywan.com\/blog\/\",\"name\":\"RYWANBLOG\",\"description\":\"\",\"publisher\":{\"@id\":\"https:\/\/rywan.com\/blog\/#organization\"},\"potentialAction\":[{\"@type\":\"SearchAction\",\"target\":{\"@type\":\"EntryPoint\",\"urlTemplate\":\"https:\/\/rywan.com\/blog\/?s={search_term_string}\"},\"query-input\":\"required name=search_term_string\"}],\"inLanguage\":\"fr-FR\"},{\"@type\":\"Organization\",\"@id\":\"https:\/\/rywan.com\/blog\/#organization\",\"name\":\"RYWANBLOG\",\"url\":\"https:\/\/rywan.com\/blog\/\",\"logo\":{\"@type\":\"ImageObject\",\"inLanguage\":\"fr-FR\",\"@id\":\"https:\/\/rywan.com\/blog\/#\/schema\/logo\/image\/\",\"url\":\"https:\/\/rywan.com\/blog\/wp-content\/uploads\/2022\/06\/Logo-Rywan_Blog-e1656525000238.png\",\"contentUrl\":\"https:\/\/rywan.com\/blog\/wp-content\/uploads\/2022\/06\/Logo-Rywan_Blog-e1656525000238.png\",\"width\":500,\"height\":370,\"caption\":\"RYWANBLOG\"},\"image\":{\"@id\":\"https:\/\/rywan.com\/blog\/#\/schema\/logo\/image\/\"}}]}<\/script>\n<!-- \/ Yoast SEO plugin. -->","yoast_head_json":{"title":"Politique de confidentialit\u00e9 Rywan blog","robots":{"index":"index","follow":"follow","max-snippet":"max-snippet:-1","max-image-preview":"max-image-preview:large","max-video-preview":"max-video-preview:-1"},"canonical":"https:\/\/rywan.com\/blog\/politique-de-confidentialite-rywan-blog\/","og_locale":"fr_FR","og_type":"article","og_title":"Politique de confidentialit\u00e9 Rywan blog","og_description":"Qui sommes-nous&nbsp;? L\u2019adresse de notre site est\u00a0: https:\/rywan.com\/blog. Les informations demand\u00e9es sont n\u00e9cessaires au traitement de la Commande. Vous devez adresser toute demande \u00e9crite soit\u00a0:\u2022 par formulaire sur la page \u00ab\u00a0Contact\u00a0\u00bb de ce site avec la possibilit\u00e9 de d\u00e9sabonnement\u2022 par courrier \u00e0 RYWAN &#8211; Service Relation Client \u2013 26, Rue Alexandre Volta \u2013 ZI Nord [&hellip;]","og_url":"https:\/\/rywan.com\/blog\/politique-de-confidentialite-rywan-blog\/","og_site_name":"RYWANBLOG","article_modified_time":"2022-07-06T13:52:21+00:00","twitter_card":"summary_large_image","schema":{"@context":"https:\/\/schema.org","@graph":[{"@type":"WebPage","@id":"https:\/\/rywan.com\/blog\/politique-de-confidentialite-rywan-blog\/","url":"https:\/\/rywan.com\/blog\/politique-de-confidentialite-rywan-blog\/","name":"Politique de confidentialit\u00e9 Rywan blog","isPartOf":{"@id":"https:\/\/rywan.com\/blog\/#website"},"datePublished":"2022-05-09T14:04:46+00:00","dateModified":"2022-07-06T13:52:21+00:00","breadcrumb":{"@id":"https:\/\/rywan.com\/blog\/politique-de-confidentialite-rywan-blog\/#breadcrumb"},"inLanguage":"fr-FR","potentialAction":[{"@type":"ReadAction","target":["https:\/\/rywan.com\/blog\/politique-de-confidentialite-rywan-blog\/"]}]},{"@type":"BreadcrumbList","@id":"https:\/\/rywan.com\/blog\/politique-de-confidentialite-rywan-blog\/#breadcrumb","itemListElement":[{"@type":"ListItem","position":1,"name":"Accueil","item":"https:\/\/rywan.com\/blog\/"},{"@type":"ListItem","position":2,"name":"Politique de confidentialit\u00e9"}]},{"@type":"WebSite","@id":"https:\/\/rywan.com\/blog\/#website","url":"https:\/\/rywan.com\/blog\/","name":"RYWANBLOG","description":"","publisher":{"@id":"https:\/\/rywan.com\/blog\/#organization"},"potentialAction":[{"@type":"SearchAction","target":{"@type":"EntryPoint","urlTemplate":"https:\/\/rywan.com\/blog\/?s={search_term_string}"},"query-input":"required name=search_term_string"}],"inLanguage":"fr-FR"},{"@type":"Organization","@id":"https:\/\/rywan.com\/blog\/#organization","name":"RYWANBLOG","url":"https:\/\/rywan.com\/blog\/","logo":{"@type":"ImageObject","inLanguage":"fr-FR","@id":"https:\/\/rywan.com\/blog\/#\/schema\/logo\/image\/","url":"https:\/\/rywan.com\/blog\/wp-content\/uploads\/2022\/06\/Logo-Rywan_Blog-e1656525000238.png","contentUrl":"https:\/\/rywan.com\/blog\/wp-content\/uploads\/2022\/06\/Logo-Rywan_Blog-e1656525000238.png","width":500,"height":370,"caption":"RYWANBLOG"},"image":{"@id":"https:\/\/rywan.com\/blog\/#\/schema\/logo\/image\/"}}]}},"_links":{"self":[{"href":"https:\/\/rywan.com\/blog\/wp-json\/wp\/v2\/pages\/3"}],"collection":[{"href":"https:\/\/rywan.com\/blog\/wp-json\/wp\/v2\/pages"}],"about":[{"href":"https:\/\/rywan.com\/blog\/wp-json\/wp\/v2\/types\/page"}],"author":[{"embeddable":true,"href":"https:\/\/rywan.com\/blog\/wp-json\/wp\/v2\/users\/2"}],"replies":[{"embeddable":true,"href":"https:\/\/rywan.com\/blog\/wp-json\/wp\/v2\/comments?post=3"}],"version-history":[{"count":4,"href":"https:\/\/rywan.com\/blog\/wp-json\/wp\/v2\/pages\/3\/revisions"}],"predecessor-version":[{"id":667,"href":"https:\/\/rywan.com\/blog\/wp-json\/wp\/v2\/pages\/3\/revisions\/667"}],"wp:attachment":[{"href":"https:\/\/rywan.com\/blog\/wp-json\/wp\/v2\/media?parent=3"}],"curies":[{"name":"wp","href":"https:\/\/api.w.org\/{rel}","templated":true}]}}