{"id":465,"date":"2022-05-30T11:00:06","date_gmt":"2022-05-30T09:00:06","guid":{"rendered":"https:\/\/rywanblog.dev.ajans.fr\/?page_id=465"},"modified":"2022-07-06T16:33:28","modified_gmt":"2022-07-06T14:33:28","slug":"mentions-legales","status":"publish","type":"page","link":"https:\/\/rywan.com\/blog\/mentions-legales\/","title":{"rendered":"Mentions l\u00e9gales"},"content":{"rendered":"\n<p><strong>Editeur du site :<\/strong><\/p>\n\n\n\n<p>RYWAN SARL<br>26, Rue Alexandre Volta<br>ZI Nord<br>77100 MEAUX<br>FRANCE<br>Tel.: 01 64 35 23 03<br>E-mail : shop@rywan.com<br>RCS MEAUX B 322 928 151<br>APE : 462Z<br>N\u00b0 TVA intracommunautaire : FR 69 322 928 151<br>Capital social : 200 000 \u20ac<br>G\u00e9rant: Claude LIPSZYC<br>Directeur de la publication : Maxime LIPSZYC<br>\u00a0<br><strong>Cr\u00e9ateur du Site :<\/strong><br>FLYING WHALE STRATEGY &#8211; 26 rue Anderemarienea 64500 SAINT JEAN DE AJANS &#8211; Capital social de 2000\u20ac Num\u00e9ro de TVA: FR38840760151 \u2013 109 rue de conflans 95370 MONTIGNY-L\u00c8S-CORMEILLES.<br>LUZ<br>\u00a0<br><strong>H\u00e9bergeur du site :<\/strong><br>OVH SASU &#8211; 2 rue Kellermann &#8211; 59100 ROUBAIX &#8211; R.C.S 424 761 419 &#8211; SIRET n\u00b0424 761 419 000 45 &#8211; APE n\u00b02620Z &#8211; TVA Intracommunautaire n\u00b0 FR 22 424 761 419 &#8211; Capital Social : 10.069.020 euros<br>\u00a0<br>Plateforme europ\u00e9enne r\u00e8glement des litiges :<br>La Commission europ\u00e9enne met \u00e0 votre disposition une plateforme de r\u00e8glement en ligne des litiges (RLL) que vous trouverez sous: http:\/\/ec.eu-ropa.eu\/consumers\/odr\/. Les consommateurs ont la possibilit\u00e9 d\u2019utiliser cette plateforme pour le r\u00e8glement de leurs litiges.<\/p>\n","protected":false},"excerpt":{"rendered":"<p>Editeur du site : RYWAN SARL26, Rue Alexandre VoltaZI Nord77100 MEAUXFRANCETel.: 01 64 35 23 03E-mail : shop@rywan.comRCS MEAUX B 322 928 151APE : 462ZN\u00b0 TVA intracommunautaire : FR 69 322 928 151Capital social : 200 000 \u20acG\u00e9rant: Claude LIPSZYCDirecteur de la publication : Maxime LIPSZYC\u00a0Cr\u00e9ateur du Site :FLYING WHALE STRATEGY &#8211; 26 rue Anderemarienea [&hellip;]<\/p>\n","protected":false},"author":2,"featured_media":0,"parent":0,"menu_order":0,"comment_status":"closed","ping_status":"closed","template":"blank","meta":{"footnotes":""},"yoast_head":"<!-- This site is optimized with the Yoast SEO plugin v20.4 - https:\/\/yoast.com\/wordpress\/plugins\/seo\/ -->\n<title>Mentions l\u00e9gales - RYWANBLOG<\/title>\n<meta name=\"robots\" content=\"index, follow, max-snippet:-1, max-image-preview:large, max-video-preview:-1\" \/>\n<link rel=\"canonical\" href=\"https:\/\/rywan.com\/blog\/mentions-legales\/\" \/>\n<meta property=\"og:locale\" content=\"fr_FR\" \/>\n<meta property=\"og:type\" content=\"article\" \/>\n<meta property=\"og:title\" content=\"Mentions l\u00e9gales - RYWANBLOG\" \/>\n<meta property=\"og:description\" content=\"Editeur du site : RYWAN SARL26, Rue Alexandre VoltaZI Nord77100 MEAUXFRANCETel.: 01 64 35 23 03E-mail : shop@rywan.comRCS MEAUX B 322 928 151APE : 462ZN\u00b0 TVA intracommunautaire : FR 69 322 928 151Capital social : 200 000 \u20acG\u00e9rant: Claude LIPSZYCDirecteur de la publication : Maxime LIPSZYC\u00a0Cr\u00e9ateur du Site :FLYING WHALE STRATEGY &#8211; 26 rue Anderemarienea [&hellip;]\" \/>\n<meta property=\"og:url\" content=\"https:\/\/rywan.com\/blog\/mentions-legales\/\" \/>\n<meta property=\"og:site_name\" content=\"RYWANBLOG\" \/>\n<meta property=\"article:modified_time\" content=\"2022-07-06T14:33:28+00:00\" \/>\n<meta name=\"twitter:card\" content=\"summary_large_image\" \/>\n<script type=\"application\/ld+json\" class=\"yoast-schema-graph\">{\"@context\":\"https:\/\/schema.org\",\"@graph\":[{\"@type\":\"WebPage\",\"@id\":\"https:\/\/rywan.com\/blog\/mentions-legales\/\",\"url\":\"https:\/\/rywan.com\/blog\/mentions-legales\/\",\"name\":\"Mentions l\u00e9gales - RYWANBLOG\",\"isPartOf\":{\"@id\":\"https:\/\/rywan.com\/blog\/#website\"},\"datePublished\":\"2022-05-30T09:00:06+00:00\",\"dateModified\":\"2022-07-06T14:33:28+00:00\",\"breadcrumb\":{\"@id\":\"https:\/\/rywan.com\/blog\/mentions-legales\/#breadcrumb\"},\"inLanguage\":\"fr-FR\",\"potentialAction\":[{\"@type\":\"ReadAction\",\"target\":[\"https:\/\/rywan.com\/blog\/mentions-legales\/\"]}]},{\"@type\":\"BreadcrumbList\",\"@id\":\"https:\/\/rywan.com\/blog\/mentions-legales\/#breadcrumb\",\"itemListElement\":[{\"@type\":\"ListItem\",\"position\":1,\"name\":\"Accueil\",\"item\":\"https:\/\/rywan.com\/blog\/\"},{\"@type\":\"ListItem\",\"position\":2,\"name\":\"Mentions l\u00e9gales\"}]},{\"@type\":\"WebSite\",\"@id\":\"https:\/\/rywan.com\/blog\/#website\",\"url\":\"https:\/\/rywan.com\/blog\/\",\"name\":\"RYWANBLOG\",\"description\":\"\",\"publisher\":{\"@id\":\"https:\/\/rywan.com\/blog\/#organization\"},\"potentialAction\":[{\"@type\":\"SearchAction\",\"target\":{\"@type\":\"EntryPoint\",\"urlTemplate\":\"https:\/\/rywan.com\/blog\/?s={search_term_string}\"},\"query-input\":\"required name=search_term_string\"}],\"inLanguage\":\"fr-FR\"},{\"@type\":\"Organization\",\"@id\":\"https:\/\/rywan.com\/blog\/#organization\",\"name\":\"RYWANBLOG\",\"url\":\"https:\/\/rywan.com\/blog\/\",\"logo\":{\"@type\":\"ImageObject\",\"inLanguage\":\"fr-FR\",\"@id\":\"https:\/\/rywan.com\/blog\/#\/schema\/logo\/image\/\",\"url\":\"https:\/\/rywan.com\/blog\/wp-content\/uploads\/2022\/06\/Logo-Rywan_Blog-e1656525000238.png\",\"contentUrl\":\"https:\/\/rywan.com\/blog\/wp-content\/uploads\/2022\/06\/Logo-Rywan_Blog-e1656525000238.png\",\"width\":500,\"height\":370,\"caption\":\"RYWANBLOG\"},\"image\":{\"@id\":\"https:\/\/rywan.com\/blog\/#\/schema\/logo\/image\/\"}}]}<\/script>\n<!-- \/ Yoast SEO plugin. -->","yoast_head_json":{"title":"Mentions l\u00e9gales - RYWANBLOG","robots":{"index":"index","follow":"follow","max-snippet":"max-snippet:-1","max-image-preview":"max-image-preview:large","max-video-preview":"max-video-preview:-1"},"canonical":"https:\/\/rywan.com\/blog\/mentions-legales\/","og_locale":"fr_FR","og_type":"article","og_title":"Mentions l\u00e9gales - RYWANBLOG","og_description":"Editeur du site : RYWAN SARL26, Rue Alexandre VoltaZI Nord77100 MEAUXFRANCETel.: 01 64 35 23 03E-mail : shop@rywan.comRCS MEAUX B 322 928 151APE : 462ZN\u00b0 TVA intracommunautaire : FR 69 322 928 151Capital social : 200 000 \u20acG\u00e9rant: Claude LIPSZYCDirecteur de la publication : Maxime LIPSZYC\u00a0Cr\u00e9ateur du Site :FLYING WHALE STRATEGY &#8211; 26 rue Anderemarienea [&hellip;]","og_url":"https:\/\/rywan.com\/blog\/mentions-legales\/","og_site_name":"RYWANBLOG","article_modified_time":"2022-07-06T14:33:28+00:00","twitter_card":"summary_large_image","schema":{"@context":"https:\/\/schema.org","@graph":[{"@type":"WebPage","@id":"https:\/\/rywan.com\/blog\/mentions-legales\/","url":"https:\/\/rywan.com\/blog\/mentions-legales\/","name":"Mentions l\u00e9gales - RYWANBLOG","isPartOf":{"@id":"https:\/\/rywan.com\/blog\/#website"},"datePublished":"2022-05-30T09:00:06+00:00","dateModified":"2022-07-06T14:33:28+00:00","breadcrumb":{"@id":"https:\/\/rywan.com\/blog\/mentions-legales\/#breadcrumb"},"inLanguage":"fr-FR","potentialAction":[{"@type":"ReadAction","target":["https:\/\/rywan.com\/blog\/mentions-legales\/"]}]},{"@type":"BreadcrumbList","@id":"https:\/\/rywan.com\/blog\/mentions-legales\/#breadcrumb","itemListElement":[{"@type":"ListItem","position":1,"name":"Accueil","item":"https:\/\/rywan.com\/blog\/"},{"@type":"ListItem","position":2,"name":"Mentions l\u00e9gales"}]},{"@type":"WebSite","@id":"https:\/\/rywan.com\/blog\/#website","url":"https:\/\/rywan.com\/blog\/","name":"RYWANBLOG","description":"","publisher":{"@id":"https:\/\/rywan.com\/blog\/#organization"},"potentialAction":[{"@type":"SearchAction","target":{"@type":"EntryPoint","urlTemplate":"https:\/\/rywan.com\/blog\/?s={search_term_string}"},"query-input":"required name=search_term_string"}],"inLanguage":"fr-FR"},{"@type":"Organization","@id":"https:\/\/rywan.com\/blog\/#organization","name":"RYWANBLOG","url":"https:\/\/rywan.com\/blog\/","logo":{"@type":"ImageObject","inLanguage":"fr-FR","@id":"https:\/\/rywan.com\/blog\/#\/schema\/logo\/image\/","url":"https:\/\/rywan.com\/blog\/wp-content\/uploads\/2022\/06\/Logo-Rywan_Blog-e1656525000238.png","contentUrl":"https:\/\/rywan.com\/blog\/wp-content\/uploads\/2022\/06\/Logo-Rywan_Blog-e1656525000238.png","width":500,"height":370,"caption":"RYWANBLOG"},"image":{"@id":"https:\/\/rywan.com\/blog\/#\/schema\/logo\/image\/"}}]}},"_links":{"self":[{"href":"https:\/\/rywan.com\/blog\/wp-json\/wp\/v2\/pages\/465"}],"collection":[{"href":"https:\/\/rywan.com\/blog\/wp-json\/wp\/v2\/pages"}],"about":[{"href":"https:\/\/rywan.com\/blog\/wp-json\/wp\/v2\/types\/page"}],"author":[{"embeddable":true,"href":"https:\/\/rywan.com\/blog\/wp-json\/wp\/v2\/users\/2"}],"replies":[{"embeddable":true,"href":"https:\/\/rywan.com\/blog\/wp-json\/wp\/v2\/comments?post=465"}],"version-history":[{"count":4,"href":"https:\/\/rywan.com\/blog\/wp-json\/wp\/v2\/pages\/465\/revisions"}],"predecessor-version":[{"id":671,"href":"https:\/\/rywan.com\/blog\/wp-json\/wp\/v2\/pages\/465\/revisions\/671"}],"wp:attachment":[{"href":"https:\/\/rywan.com\/blog\/wp-json\/wp\/v2\/media?parent=465"}],"curies":[{"name":"wp","href":"https:\/\/api.w.org\/{rel}","templated":true}]}}